{"id":24,"date":"2024-03-13T09:57:47","date_gmt":"2024-03-13T12:57:47","guid":{"rendered":"https:\/\/dcalma.ufro.cl\/?page_id=24"},"modified":"2025-10-13T10:58:56","modified_gmt":"2025-10-13T13:58:56","slug":"inicio","status":"publish","type":"page","link":"https:\/\/dcalma.ufro.cl\/","title":{"rendered":"Inicio"},"content":{"rendered":"\t\t<div data-elementor-type=\"wp-page\" data-elementor-id=\"24\" class=\"elementor elementor-24\" data-elementor-post-type=\"page\">\n\t\t\t\t<div class=\"elementor-element elementor-element-710ce97 e-flex e-con-boxed e-con e-parent\" data-id=\"710ce97\" data-element_type=\"container\" data-settings=\"{&quot;background_background&quot;:&quot;classic&quot;}\" data-core-v316-plus=\"true\">\n\t\t\t\t\t<div class=\"e-con-inner\">\n\t\t\t\t<div class=\"elementor-element elementor-element-aeedbef elementor-widget elementor-widget-heading\" data-id=\"aeedbef\" data-element_type=\"widget\" data-widget_type=\"heading.default\">\n\t\t\t\t<div class=\"elementor-widget-container\">\n\t\t\t<style>\/*! elementor - v3.20.0 - 13-03-2024 *\/\n.elementor-heading-title{padding:0;margin:0;line-height:1}.elementor-widget-heading .elementor-heading-title[class*=elementor-size-]>a{color:inherit;font-size:inherit;line-height:inherit}.elementor-widget-heading .elementor-heading-title.elementor-size-small{font-size:15px}.elementor-widget-heading .elementor-heading-title.elementor-size-medium{font-size:19px}.elementor-widget-heading .elementor-heading-title.elementor-size-large{font-size:29px}.elementor-widget-heading .elementor-heading-title.elementor-size-xl{font-size:39px}.elementor-widget-heading .elementor-heading-title.elementor-size-xxl{font-size:59px}<\/style><h2 class=\"elementor-heading-title elementor-size-default\">Doctorado en Ciencias Agroalimentarias y Medioambiente<\/h2>\t\t<\/div>\n\t\t\t\t<\/div>\n\t\t\t\t\t<\/div>\n\t\t\t\t<\/div>\n\t\t<div class=\"elementor-element elementor-element-da3198f e-con-full e-flex e-con e-parent\" data-id=\"da3198f\" data-element_type=\"container\" data-core-v316-plus=\"true\">\n\t\t\t\t<div class=\"elementor-element elementor-element-2e26e0b elementor-widget elementor-widget-image-carousel\" data-id=\"2e26e0b\" data-element_type=\"widget\" data-settings=\"{&quot;slides_to_show&quot;:&quot;1&quot;,&quot;navigation&quot;:&quot;none&quot;,&quot;autoplay&quot;:&quot;yes&quot;,&quot;pause_on_hover&quot;:&quot;yes&quot;,&quot;pause_on_interaction&quot;:&quot;yes&quot;,&quot;autoplay_speed&quot;:5000,&quot;infinite&quot;:&quot;yes&quot;,&quot;effect&quot;:&quot;slide&quot;,&quot;speed&quot;:500}\" data-widget_type=\"image-carousel.default\">\n\t\t\t\t<div class=\"elementor-widget-container\">\n\t\t\t<style>\/*! elementor - v3.20.0 - 13-03-2024 *\/\n.elementor-widget-image-carousel .swiper,.elementor-widget-image-carousel .swiper-container{position:static}.elementor-widget-image-carousel .swiper-container .swiper-slide figure,.elementor-widget-image-carousel .swiper .swiper-slide figure{line-height:inherit}.elementor-widget-image-carousel .swiper-slide{text-align:center}.elementor-image-carousel-wrapper:not(.swiper-container-initialized):not(.swiper-initialized) .swiper-slide{max-width:calc(100% \/ var(--e-image-carousel-slides-to-show, 3))}<\/style>\t\t<div class=\"elementor-image-carousel-wrapper swiper\" dir=\"ltr\">\n\t\t\t<div class=\"elementor-image-carousel swiper-wrapper swiper-image-stretch\" aria-live=\"off\">\n\t\t\t\t\t\t\t\t<div class=\"swiper-slide\" role=\"group\" aria-roledescription=\"slide\" aria-label=\"1 de 1\"><a data-elementor-open-lightbox=\"yes\" data-elementor-lightbox-slideshow=\"2e26e0b\" data-elementor-lightbox-title=\"Banner Inicio (1)\" data-e-action-hash=\"#elementor-action%3Aaction%3Dlightbox%26settings%3DeyJpZCI6MTQ2OSwidXJsIjoiaHR0cHM6XC9cL2RjYWxtYS51ZnJvLmNsXC93cC1jb250ZW50XC91cGxvYWRzXC8yMDI0XC8wM1wvQmFubmVyLUluaWNpby0xLnBuZyIsInNsaWRlc2hvdyI6IjJlMjZlMGIifQ%3D%3D\" href=\"https:\/\/dcalma.ufro.cl\/?page_id=608\"><figure class=\"swiper-slide-inner\"><img decoding=\"async\" class=\"swiper-slide-image\" src=\"https:\/\/dcalma.ufro.cl\/wp-content\/uploads\/2024\/03\/Banner-Inicio-1.png\" alt=\"Banner Inicio (1)\" \/><\/figure><\/a><\/div>\t\t\t<\/div>\n\t\t\t\t\t<\/div>\n\t\t\t\t<\/div>\n\t\t\t\t<\/div>\n\t\t\t\t<\/div>\n\t\t<div class=\"elementor-element elementor-element-56f57b2 e-flex e-con-boxed e-con e-parent\" data-id=\"56f57b2\" data-element_type=\"container\" data-core-v316-plus=\"true\">\n\t\t\t\t\t<div class=\"e-con-inner\">\n\t\t\t\t<div class=\"elementor-element elementor-element-be4ae84 elementor-widget elementor-widget-heading\" data-id=\"be4ae84\" data-element_type=\"widget\" data-widget_type=\"heading.default\">\n\t\t\t\t<div class=\"elementor-widget-container\">\n\t\t\t<h2 class=\"elementor-heading-title elementor-size-default\">NOTICIAS<\/h2>\t\t<\/div>\n\t\t\t\t<\/div>\n\t\t<div class=\"elementor-element elementor-element-295675a e-con-full e-flex e-con e-child\" data-id=\"295675a\" data-element_type=\"container\">\n\t\t\t\t<div class=\"elementor-element elementor-element-0490bc9 elementor-widget elementor-widget-tp-blog-listout\" data-id=\"0490bc9\" data-element_type=\"widget\" data-widget_type=\"tp-blog-listout.default\">\n\t\t\t\t<div class=\"elementor-widget-container\">\n\t\t\t<div id=\"pt-plus-blog-post-list\" class=\"blog-list post69e1eb9474b82  list-carousel-slick blog-style-2 hover-image-style-1 layout-style-2 \"   data-slider_direction=\"false\" data-slide_speed=\"1500\" data-slider_desktop_column=\"3\" data-steps_slide=\"1\" data-slider_draggable=\"true\" data-multi_drag=\"false\" data-slider_infinite=\"true\" data-slider_pause_hover=\"false\" data-slider_adaptive_height=\"false\" data-slider_animation=\"ease\" data-slider_autoplay=\"true\" data-autoplay_speed=\"3000\" data-slider_tablet_column=\"3\" data-tablet_steps_slide=\"1\" data-slider_responsive_tablet=\"no\" data-slider_mobile_column=\"2\" data-mobile_steps_slide=\"1\" data-slider_responsive_mobile=\"no\" data-slider_dots=\"false\" data-slider_dots_style=\"slick-dots \" data-slider_arrows=\"true\" data-slider_arrows_style=\"style-2\"  data-arrows_position=\"\"  data-arrow_bg_color=\"\"  data-arrow_icon_color=\"#fff\"  data-arrow_hover_bg_color=\"#fff\"  data-arrow_hover_icon_color=\"#6AA738\"  data-slider_center_mode=\"false\"  data-center_padding=\"0\"  data-scale_center_slide=\"1\"  data-scale_normal_slide=\"0.8\"  data-opacity_normal_slide=\"0.7\"  data-slider_rows=\"1\"  data-id=\"post69e1eb9474b82\" data-style=\"style-2\"  data-result=\"{&quot;carousel_direction&quot;:&quot;ltr&quot;}\" data-result=\"{&quot;carousel_direction&quot;:&quot;ltr&quot;}\"dir=ltr data-enable-isotope=\"1\" ><div id=\"post69e1eb9474b82\" class=\"tp-row post-inner-loop post69e1eb9474b82 text-center  \"><div class=\"grid-item metro-item      \"><article id=\"post-2004\" class=\"post-2004 post type-post status-publish format-standard has-post-thumbnail hentry category-noticias tag-noticias\">\n\t<div class=\"blog-list-content\">\n\t\t\t\t<div class=\"post-content-image\">\n\t\t\t<a href=\"https:\/\/dcalma.ufro.cl\/?p=2004\">\n\t\t\t\t\t<div class=\"blog-featured-image  tp-cst-img-full img\">\n\t<span class=\"thumb-wrap\">\n\t\t<img fetchpriority=\"high\" decoding=\"async\" width=\"1297\" height=\"1311\" src=\"https:\/\/dcalma.ufro.cl\/wp-content\/uploads\/2025\/06\/Collage-de-Fotos-Modelo-Aesthetic-Crema.jpg\" class=\"attachment-full size-full\" alt=\"\" srcset=\"https:\/\/dcalma.ufro.cl\/wp-content\/uploads\/2025\/06\/Collage-de-Fotos-Modelo-Aesthetic-Crema.jpg 1297w, https:\/\/dcalma.ufro.cl\/wp-content\/uploads\/2025\/06\/Collage-de-Fotos-Modelo-Aesthetic-Crema-297x300.jpg 297w, https:\/\/dcalma.ufro.cl\/wp-content\/uploads\/2025\/06\/Collage-de-Fotos-Modelo-Aesthetic-Crema-1013x1024.jpg 1013w, https:\/\/dcalma.ufro.cl\/wp-content\/uploads\/2025\/06\/Collage-de-Fotos-Modelo-Aesthetic-Crema-768x776.jpg 768w\" sizes=\"(max-width: 1297px) 100vw, 1297px\" \/>\t<\/span>\n\t<\/div>\t\t\t<\/a>\n\t\t\t\t\t<\/div>\n\t\t\t\t<div class=\"post-content-bottom\">\n\t\t\t\t\t\t<div class=\"post-metro-content\">\n\t\t\t\t<h6 class=\"post-title\">\n\t<a href=\"https:\/\/dcalma.ufro.cl\/?p=2004\" class=\"normal\">Cuatro Nuevos graduados!!!: Doctorado en Ciencias Agroalimentarias y M...<\/a>\n<\/h6>\t\t\t\t\t\t\t\t\t\t\t<\/div>\n\t\t<\/div>\n\t\t\t\t\t<\/div>\n<\/article>\n<\/div><div class=\"grid-item metro-item      \"><article id=\"post-487\" class=\"post-487 post type-post status-publish format-standard has-post-thumbnail hentry category-noticias tag-noticias\">\n\t<div class=\"blog-list-content\">\n\t\t\t\t<div class=\"post-content-image\">\n\t\t\t<a href=\"https:\/\/dcalma.ufro.cl\/?p=487\">\n\t\t\t\t\t<div class=\"blog-featured-image  tp-cst-img-full img\">\n\t<span class=\"thumb-wrap\">\n\t\t<img decoding=\"async\" width=\"810\" height=\"668\" src=\"https:\/\/dcalma.ufro.cl\/wp-content\/uploads\/2024\/03\/Ano-academico-2025.png\" class=\"attachment-full size-full\" alt=\"\" srcset=\"https:\/\/dcalma.ufro.cl\/wp-content\/uploads\/2024\/03\/Ano-academico-2025.png 810w, https:\/\/dcalma.ufro.cl\/wp-content\/uploads\/2024\/03\/Ano-academico-2025-300x247.png 300w, https:\/\/dcalma.ufro.cl\/wp-content\/uploads\/2024\/03\/Ano-academico-2025-768x633.png 768w\" sizes=\"(max-width: 810px) 100vw, 810px\" \/>\t<\/span>\n\t<\/div>\t\t\t<\/a>\n\t\t\t\t\t<\/div>\n\t\t\t\t<div class=\"post-content-bottom\">\n\t\t\t\t\t\t<div class=\"post-metro-content\">\n\t\t\t\t<h6 class=\"post-title\">\n\t<a href=\"https:\/\/dcalma.ufro.cl\/?p=487\" class=\"normal\">Inauguraci\u00f3n del A\u00f1o Acad\u00e9mico de Postgrado 2025<\/a>\n<\/h6>\t\t\t\t\t\t\t\t\t\t\t<\/div>\n\t\t<\/div>\n\t\t\t\t\t<\/div>\n<\/article>\n<\/div><div class=\"grid-item metro-item      \"><article id=\"post-1997\" class=\"post-1997 post type-post status-publish format-standard has-post-thumbnail hentry category-noticias tag-noticias\">\n\t<div class=\"blog-list-content\">\n\t\t\t\t<div class=\"post-content-image\">\n\t\t\t<a href=\"https:\/\/dcalma.ufro.cl\/?p=1997\">\n\t\t\t\t\t<div class=\"blog-featured-image  tp-cst-img-full img\">\n\t<span class=\"thumb-wrap\">\n\t\t<img decoding=\"async\" width=\"600\" height=\"598\" src=\"https:\/\/dcalma.ufro.cl\/wp-content\/uploads\/2024\/11\/admi2026.png\" class=\"attachment-full size-full\" alt=\"\" srcset=\"https:\/\/dcalma.ufro.cl\/wp-content\/uploads\/2024\/11\/admi2026.png 600w, https:\/\/dcalma.ufro.cl\/wp-content\/uploads\/2024\/11\/admi2026-300x300.png 300w, https:\/\/dcalma.ufro.cl\/wp-content\/uploads\/2024\/11\/admi2026-150x150.png 150w\" sizes=\"(max-width: 600px) 100vw, 600px\" \/>\t<\/span>\n\t<\/div>\t\t\t<\/a>\n\t\t\t\t\t<\/div>\n\t\t\t\t<div class=\"post-content-bottom\">\n\t\t\t\t\t\t<div class=\"post-metro-content\">\n\t\t\t\t<h6 class=\"post-title\">\n\t<a href=\"https:\/\/dcalma.ufro.cl\/?p=1997\" class=\"normal\">Proceso de Admisi\u00f3n 2026 &#8211; Cerrado<\/a>\n<\/h6>\t\t\t\t\t\t\t\t\t\t\t<\/div>\n\t\t<\/div>\n\t\t\t\t\t<\/div>\n<\/article>\n<\/div><div class=\"grid-item metro-item      \"><article id=\"post-1485\" class=\"post-1485 post type-post status-publish format-standard has-post-thumbnail hentry category-noticias tag-noticias\">\n\t<div class=\"blog-list-content\">\n\t\t\t\t<div class=\"post-content-image\">\n\t\t\t<a href=\"https:\/\/dcalma.ufro.cl\/?p=1485\">\n\t\t\t\t\t<div class=\"blog-featured-image  tp-cst-img-full img\">\n\t<span class=\"thumb-wrap\">\n\t\t<img loading=\"lazy\" decoding=\"async\" width=\"526\" height=\"540\" src=\"https:\/\/dcalma.ufro.cl\/wp-content\/uploads\/2024\/11\/AGENCIA-AQAS-acredita-png-e1750095465565.png\" class=\"attachment-full size-full\" alt=\"\" srcset=\"https:\/\/dcalma.ufro.cl\/wp-content\/uploads\/2024\/11\/AGENCIA-AQAS-acredita-png-e1750095465565.png 526w, https:\/\/dcalma.ufro.cl\/wp-content\/uploads\/2024\/11\/AGENCIA-AQAS-acredita-png-e1750095465565-292x300.png 292w\" sizes=\"(max-width: 526px) 100vw, 526px\" \/>\t<\/span>\n\t<\/div>\t\t\t<\/a>\n\t\t\t\t\t<\/div>\n\t\t\t\t<div class=\"post-content-bottom\">\n\t\t\t\t\t\t<div class=\"post-metro-content\">\n\t\t\t\t<h6 class=\"post-title\">\n\t<a href=\"https:\/\/dcalma.ufro.cl\/?p=1485\" class=\"normal\">\u00a1Excelencia reconocida a nivel internacional!: El Doctorado en Cienci...<\/a>\n<\/h6>\t\t\t\t\t\t\t\t\t\t\t<\/div>\n\t\t<\/div>\n\t\t\t\t\t<\/div>\n<\/article>\n<\/div><div class=\"grid-item metro-item      \"><article id=\"post-441\" class=\"post-441 post type-post status-publish format-standard has-post-thumbnail hentry category-noticias tag-noticias\">\n\t<div class=\"blog-list-content\">\n\t\t\t\t<div class=\"post-content-image\">\n\t\t\t<a href=\"https:\/\/dcalma.ufro.cl\/?p=441\">\n\t\t\t\t\t<div class=\"blog-featured-image  tp-cst-img-full img\">\n\t<span class=\"thumb-wrap\">\n\t\t<img loading=\"lazy\" decoding=\"async\" width=\"1002\" height=\"1080\" src=\"https:\/\/dcalma.ufro.cl\/wp-content\/uploads\/2024\/03\/472998061_18264475813281993_4827660608233160289_n-e1750257729518.jpg\" class=\"attachment-full size-full\" alt=\"\" srcset=\"https:\/\/dcalma.ufro.cl\/wp-content\/uploads\/2024\/03\/472998061_18264475813281993_4827660608233160289_n-e1750257729518.jpg 1002w, https:\/\/dcalma.ufro.cl\/wp-content\/uploads\/2024\/03\/472998061_18264475813281993_4827660608233160289_n-e1750257729518-278x300.jpg 278w, https:\/\/dcalma.ufro.cl\/wp-content\/uploads\/2024\/03\/472998061_18264475813281993_4827660608233160289_n-e1750257729518-950x1024.jpg 950w, https:\/\/dcalma.ufro.cl\/wp-content\/uploads\/2024\/03\/472998061_18264475813281993_4827660608233160289_n-e1750257729518-768x828.jpg 768w\" sizes=\"(max-width: 1002px) 100vw, 1002px\" \/>\t<\/span>\n\t<\/div>\t\t\t<\/a>\n\t\t\t\t\t<\/div>\n\t\t\t\t<div class=\"post-content-bottom\">\n\t\t\t\t\t\t<div class=\"post-metro-content\">\n\t\t\t\t<h6 class=\"post-title\">\n\t<a href=\"https:\/\/dcalma.ufro.cl\/?p=441\" class=\"normal\">Acreditaci\u00f3n Nacional (CNA): 6 A\u00d1OS!<\/a>\n<\/h6>\t\t\t\t\t\t\t\t\t\t\t<\/div>\n\t\t<\/div>\n\t\t\t\t\t<\/div>\n<\/article>\n<\/div><div class=\"grid-item metro-item      \"><article id=\"post-494\" class=\"post-494 post type-post status-publish format-standard has-post-thumbnail hentry category-noticias tag-noticias\">\n\t<div class=\"blog-list-content\">\n\t\t\t\t<div class=\"post-content-image\">\n\t\t\t<a href=\"https:\/\/dcalma.ufro.cl\/?p=494\">\n\t\t\t\t\t<div class=\"blog-featured-image  tp-cst-img-full img\">\n\t<span class=\"thumb-wrap\">\n\t\t<img loading=\"lazy\" decoding=\"async\" width=\"900\" height=\"600\" src=\"https:\/\/dcalma.ufro.cl\/wp-content\/uploads\/2024\/03\/estudiante-investigacion-mas-citada-ufro-agroambiente-doctorado.jpg\" class=\"attachment-full size-full\" alt=\"\" srcset=\"https:\/\/dcalma.ufro.cl\/wp-content\/uploads\/2024\/03\/estudiante-investigacion-mas-citada-ufro-agroambiente-doctorado.jpg 900w, https:\/\/dcalma.ufro.cl\/wp-content\/uploads\/2024\/03\/estudiante-investigacion-mas-citada-ufro-agroambiente-doctorado-300x200.jpg 300w, https:\/\/dcalma.ufro.cl\/wp-content\/uploads\/2024\/03\/estudiante-investigacion-mas-citada-ufro-agroambiente-doctorado-768x512.jpg 768w\" sizes=\"(max-width: 900px) 100vw, 900px\" \/>\t<\/span>\n\t<\/div>\t\t\t<\/a>\n\t\t\t\t\t<\/div>\n\t\t\t\t<div class=\"post-content-bottom\">\n\t\t\t\t\t\t<div class=\"post-metro-content\">\n\t\t\t\t<h6 class=\"post-title\">\n\t<a href=\"https:\/\/dcalma.ufro.cl\/?p=494\" class=\"normal\">Art\u00edculo de graduada de Doctorado UFRO destaca como uno de los m\u00e1s c...<\/a>\n<\/h6>\t\t\t\t\t\t\t\t\t\t\t<\/div>\n\t\t<\/div>\n\t\t\t\t\t<\/div>\n<\/article>\n<\/div><div class=\"grid-item metro-item      \"><article id=\"post-473\" class=\"post-473 post type-post status-publish format-standard has-post-thumbnail hentry category-noticias tag-noticias\">\n\t<div class=\"blog-list-content\">\n\t\t\t\t<div class=\"post-content-image\">\n\t\t\t<a href=\"https:\/\/dcalma.ufro.cl\/?p=473\">\n\t\t\t\t\t<div class=\"blog-featured-image  tp-cst-img-full img\">\n\t<span class=\"thumb-wrap\">\n\t\t<img loading=\"lazy\" decoding=\"async\" width=\"853\" height=\"1280\" src=\"https:\/\/dcalma.ufro.cl\/wp-content\/uploads\/2024\/03\/WhatsApp-Image-2022-07-13-at-5.49.03-PM.jpg\" class=\"attachment-full size-full\" alt=\"\" srcset=\"https:\/\/dcalma.ufro.cl\/wp-content\/uploads\/2024\/03\/WhatsApp-Image-2022-07-13-at-5.49.03-PM.jpg 853w, https:\/\/dcalma.ufro.cl\/wp-content\/uploads\/2024\/03\/WhatsApp-Image-2022-07-13-at-5.49.03-PM-200x300.jpg 200w, https:\/\/dcalma.ufro.cl\/wp-content\/uploads\/2024\/03\/WhatsApp-Image-2022-07-13-at-5.49.03-PM-682x1024.jpg 682w, https:\/\/dcalma.ufro.cl\/wp-content\/uploads\/2024\/03\/WhatsApp-Image-2022-07-13-at-5.49.03-PM-768x1152.jpg 768w\" sizes=\"(max-width: 853px) 100vw, 853px\" \/>\t<\/span>\n\t<\/div>\t\t\t<\/a>\n\t\t\t\t\t<\/div>\n\t\t\t\t<div class=\"post-content-bottom\">\n\t\t\t\t\t\t<div class=\"post-metro-content\">\n\t\t\t\t<h6 class=\"post-title\">\n\t<a href=\"https:\/\/dcalma.ufro.cl\/?p=473\" class=\"normal\">Estudiante del programa de Doctorado en Ciencias Agroalimentarias y me...<\/a>\n<\/h6>\t\t\t\t\t\t\t\t\t\t\t<\/div>\n\t\t<\/div>\n\t\t\t\t\t<\/div>\n<\/article>\n<\/div><\/div><\/div>\t\t<\/div>\n\t\t\t\t<\/div>\n\t\t\t\t<\/div>\n\t\t\t\t\t<\/div>\n\t\t\t\t<\/div>\n\t\t\t\t<\/div>\n\t\t","protected":false},"excerpt":{"rendered":"<p>Doctorado en Ciencias Agroalimentarias y Medioambiente NOTICIAS Cuatro Nuevos graduados!!!: Doctorado en Ciencias Agroalimentarias y M&#8230; Inauguraci\u00f3n del A\u00f1o Acad\u00e9mico de Postgrado 2025 Proceso de Admisi\u00f3n 2026 &#8211; Abierto\u200b \u00a1Excelencia reconocida a nivel internacional!: El Doctorado en Cienci&#8230; Acreditaci\u00f3n Nacional (CNA): 6 A\u00d1OS! Art\u00edculo de graduada de Doctorado UFRO destaca como uno de los m\u00e1s [&hellip;]<\/p>\n","protected":false},"author":1,"featured_media":0,"parent":0,"menu_order":0,"comment_status":"closed","ping_status":"closed","template":"elementor_header_footer","meta":{"footnotes":""},"yoast_head":"<!-- This site is optimized with the Yoast SEO plugin v22.3 - https:\/\/yoast.com\/wordpress\/plugins\/seo\/ -->\n<title>Inicio - dcalma<\/title>\n<meta name=\"robots\" content=\"index, follow, max-snippet:-1, max-image-preview:large, max-video-preview:-1\" \/>\n<link rel=\"canonical\" href=\"https:\/\/dcalma.ufro.cl\/\" \/>\n<meta property=\"og:locale\" content=\"es_ES\" \/>\n<meta property=\"og:type\" content=\"article\" \/>\n<meta property=\"og:title\" content=\"Inicio - dcalma\" \/>\n<meta property=\"og:description\" content=\"Doctorado en Ciencias Agroalimentarias y Medioambiente NOTICIAS Cuatro Nuevos graduados!!!: Doctorado en Ciencias Agroalimentarias y M&#8230; Inauguraci\u00f3n del A\u00f1o Acad\u00e9mico de Postgrado 2025 Proceso de Admisi\u00f3n 2026 &#8211; Abierto\u200b \u00a1Excelencia reconocida a nivel internacional!: El Doctorado en Cienci&#8230; Acreditaci\u00f3n Nacional (CNA): 6 A\u00d1OS! Art\u00edculo de graduada de Doctorado UFRO destaca como uno de los m\u00e1s [&hellip;]\" \/>\n<meta property=\"og:url\" content=\"https:\/\/dcalma.ufro.cl\/\" \/>\n<meta property=\"og:site_name\" content=\"dcalma\" \/>\n<meta property=\"article:modified_time\" content=\"2025-10-13T13:58:56+00:00\" \/>\n<meta property=\"og:image\" content=\"https:\/\/dcalma.ufro.cl\/wp-content\/uploads\/2024\/03\/Banner-Inicio-1.png\" \/>\n<meta name=\"twitter:card\" content=\"summary_large_image\" \/>\n<meta name=\"twitter:label1\" content=\"Est. reading time\" \/>\n\t<meta name=\"twitter:data1\" content=\"5 minutos\" \/>\n<script type=\"application\/ld+json\" class=\"yoast-schema-graph\">{\"@context\":\"https:\/\/schema.org\",\"@graph\":[{\"@type\":\"WebPage\",\"@id\":\"https:\/\/dcalma.ufro.cl\/\",\"url\":\"https:\/\/dcalma.ufro.cl\/\",\"name\":\"Inicio - dcalma\",\"isPartOf\":{\"@id\":\"https:\/\/dcalma.ufro.cl\/#website\"},\"primaryImageOfPage\":{\"@id\":\"https:\/\/dcalma.ufro.cl\/#primaryimage\"},\"image\":{\"@id\":\"https:\/\/dcalma.ufro.cl\/#primaryimage\"},\"thumbnailUrl\":\"https:\/\/dcalma.ufro.cl\/wp-content\/uploads\/2024\/03\/Banner-Inicio-1.png\",\"datePublished\":\"2024-03-13T12:57:47+00:00\",\"dateModified\":\"2025-10-13T13:58:56+00:00\",\"breadcrumb\":{\"@id\":\"https:\/\/dcalma.ufro.cl\/#breadcrumb\"},\"inLanguage\":\"es-CL\",\"potentialAction\":[{\"@type\":\"ReadAction\",\"target\":[\"https:\/\/dcalma.ufro.cl\/\"]}]},{\"@type\":\"ImageObject\",\"inLanguage\":\"es-CL\",\"@id\":\"https:\/\/dcalma.ufro.cl\/#primaryimage\",\"url\":\"https:\/\/dcalma.ufro.cl\/wp-content\/uploads\/2024\/03\/Banner-Inicio-1.png\",\"contentUrl\":\"https:\/\/dcalma.ufro.cl\/wp-content\/uploads\/2024\/03\/Banner-Inicio-1.png\",\"width\":3646,\"height\":1345},{\"@type\":\"BreadcrumbList\",\"@id\":\"https:\/\/dcalma.ufro.cl\/#breadcrumb\",\"itemListElement\":[{\"@type\":\"ListItem\",\"position\":1,\"name\":\"Inicio\",\"item\":\"https:\/\/dcalma.ufro.cl\/\"},{\"@type\":\"ListItem\",\"position\":2,\"name\":\"Inicio\"}]},{\"@type\":\"WebSite\",\"@id\":\"https:\/\/dcalma.ufro.cl\/#website\",\"url\":\"https:\/\/dcalma.ufro.cl\/\",\"name\":\"dcalma\",\"description\":\"\",\"potentialAction\":[{\"@type\":\"SearchAction\",\"target\":{\"@type\":\"EntryPoint\",\"urlTemplate\":\"https:\/\/dcalma.ufro.cl\/?s={search_term_string}\"},\"query-input\":\"required name=search_term_string\"}],\"inLanguage\":\"es-CL\"}]}<\/script>\n<!-- \/ Yoast SEO plugin. -->","yoast_head_json":{"title":"Inicio - dcalma","robots":{"index":"index","follow":"follow","max-snippet":"max-snippet:-1","max-image-preview":"max-image-preview:large","max-video-preview":"max-video-preview:-1"},"canonical":"https:\/\/dcalma.ufro.cl\/","og_locale":"es_ES","og_type":"article","og_title":"Inicio - dcalma","og_description":"Doctorado en Ciencias Agroalimentarias y Medioambiente NOTICIAS Cuatro Nuevos graduados!!!: Doctorado en Ciencias Agroalimentarias y M&#8230; Inauguraci\u00f3n del A\u00f1o Acad\u00e9mico de Postgrado 2025 Proceso de Admisi\u00f3n 2026 &#8211; Abierto\u200b \u00a1Excelencia reconocida a nivel internacional!: El Doctorado en Cienci&#8230; Acreditaci\u00f3n Nacional (CNA): 6 A\u00d1OS! Art\u00edculo de graduada de Doctorado UFRO destaca como uno de los m\u00e1s [&hellip;]","og_url":"https:\/\/dcalma.ufro.cl\/","og_site_name":"dcalma","article_modified_time":"2025-10-13T13:58:56+00:00","og_image":[{"url":"https:\/\/dcalma.ufro.cl\/wp-content\/uploads\/2024\/03\/Banner-Inicio-1.png"}],"twitter_card":"summary_large_image","twitter_misc":{"Est. reading time":"5 minutos"},"schema":{"@context":"https:\/\/schema.org","@graph":[{"@type":"WebPage","@id":"https:\/\/dcalma.ufro.cl\/","url":"https:\/\/dcalma.ufro.cl\/","name":"Inicio - dcalma","isPartOf":{"@id":"https:\/\/dcalma.ufro.cl\/#website"},"primaryImageOfPage":{"@id":"https:\/\/dcalma.ufro.cl\/#primaryimage"},"image":{"@id":"https:\/\/dcalma.ufro.cl\/#primaryimage"},"thumbnailUrl":"https:\/\/dcalma.ufro.cl\/wp-content\/uploads\/2024\/03\/Banner-Inicio-1.png","datePublished":"2024-03-13T12:57:47+00:00","dateModified":"2025-10-13T13:58:56+00:00","breadcrumb":{"@id":"https:\/\/dcalma.ufro.cl\/#breadcrumb"},"inLanguage":"es-CL","potentialAction":[{"@type":"ReadAction","target":["https:\/\/dcalma.ufro.cl\/"]}]},{"@type":"ImageObject","inLanguage":"es-CL","@id":"https:\/\/dcalma.ufro.cl\/#primaryimage","url":"https:\/\/dcalma.ufro.cl\/wp-content\/uploads\/2024\/03\/Banner-Inicio-1.png","contentUrl":"https:\/\/dcalma.ufro.cl\/wp-content\/uploads\/2024\/03\/Banner-Inicio-1.png","width":3646,"height":1345},{"@type":"BreadcrumbList","@id":"https:\/\/dcalma.ufro.cl\/#breadcrumb","itemListElement":[{"@type":"ListItem","position":1,"name":"Inicio","item":"https:\/\/dcalma.ufro.cl\/"},{"@type":"ListItem","position":2,"name":"Inicio"}]},{"@type":"WebSite","@id":"https:\/\/dcalma.ufro.cl\/#website","url":"https:\/\/dcalma.ufro.cl\/","name":"dcalma","description":"","potentialAction":[{"@type":"SearchAction","target":{"@type":"EntryPoint","urlTemplate":"https:\/\/dcalma.ufro.cl\/?s={search_term_string}"},"query-input":"required name=search_term_string"}],"inLanguage":"es-CL"}]}},"_links":{"self":[{"href":"https:\/\/dcalma.ufro.cl\/index.php?rest_route=\/wp\/v2\/pages\/24"}],"collection":[{"href":"https:\/\/dcalma.ufro.cl\/index.php?rest_route=\/wp\/v2\/pages"}],"about":[{"href":"https:\/\/dcalma.ufro.cl\/index.php?rest_route=\/wp\/v2\/types\/page"}],"author":[{"embeddable":true,"href":"https:\/\/dcalma.ufro.cl\/index.php?rest_route=\/wp\/v2\/users\/1"}],"replies":[{"embeddable":true,"href":"https:\/\/dcalma.ufro.cl\/index.php?rest_route=%2Fwp%2Fv2%2Fcomments&post=24"}],"version-history":[{"count":118,"href":"https:\/\/dcalma.ufro.cl\/index.php?rest_route=\/wp\/v2\/pages\/24\/revisions"}],"predecessor-version":[{"id":2182,"href":"https:\/\/dcalma.ufro.cl\/index.php?rest_route=\/wp\/v2\/pages\/24\/revisions\/2182"}],"wp:attachment":[{"href":"https:\/\/dcalma.ufro.cl\/index.php?rest_route=%2Fwp%2Fv2%2Fmedia&parent=24"}],"curies":[{"name":"wp","href":"https:\/\/api.w.org\/{rel}","templated":true}]}}