{"id":2050,"date":"2025-06-11T17:22:23","date_gmt":"2025-06-11T20:22:23","guid":{"rendered":"https:\/\/dcalma.ufro.cl\/?page_id=2050"},"modified":"2025-06-11T17:28:53","modified_gmt":"2025-06-11T20:28:53","slug":"comite-de-autoevaluacion","status":"publish","type":"page","link":"https:\/\/dcalma.ufro.cl\/?page_id=2050","title":{"rendered":"Comit\u00e9 de Autoevaluaci\u00f3n"},"content":{"rendered":"\t\t<div data-elementor-type=\"wp-page\" data-elementor-id=\"2050\" class=\"elementor elementor-2050\" data-elementor-post-type=\"page\">\n\t\t\t\t<div class=\"elementor-element elementor-element-48c51f7 e-flex e-con-boxed e-con e-parent\" data-id=\"48c51f7\" data-element_type=\"container\" data-core-v316-plus=\"true\">\n\t\t\t\t\t<div class=\"e-con-inner\">\n\t\t\t\t<div class=\"elementor-element elementor-element-928ac5e elementor-widget elementor-widget-heading\" data-id=\"928ac5e\" data-element_type=\"widget\" data-widget_type=\"heading.default\">\n\t\t\t\t<div class=\"elementor-widget-container\">\n\t\t\t<style>\/*! elementor - v3.20.0 - 13-03-2024 *\/\n.elementor-heading-title{padding:0;margin:0;line-height:1}.elementor-widget-heading .elementor-heading-title[class*=elementor-size-]>a{color:inherit;font-size:inherit;line-height:inherit}.elementor-widget-heading .elementor-heading-title.elementor-size-small{font-size:15px}.elementor-widget-heading .elementor-heading-title.elementor-size-medium{font-size:19px}.elementor-widget-heading .elementor-heading-title.elementor-size-large{font-size:29px}.elementor-widget-heading .elementor-heading-title.elementor-size-xl{font-size:39px}.elementor-widget-heading .elementor-heading-title.elementor-size-xxl{font-size:59px}<\/style><h2 class=\"elementor-heading-title elementor-size-default\">COMIT\u00c9 AUTOEVALUACI\u00d3N<\/h2>\t\t<\/div>\n\t\t\t\t<\/div>\n\t\t\t\t\t<\/div>\n\t\t\t\t<\/div>\n\t\t<div class=\"elementor-element elementor-element-4f5bb56 e-flex e-con-boxed e-con e-parent\" data-id=\"4f5bb56\" data-element_type=\"container\" data-core-v316-plus=\"true\">\n\t\t\t\t\t<div class=\"e-con-inner\">\n\t\t<div class=\"elementor-element elementor-element-ad394d5 e-con-full e-flex e-con e-child\" data-id=\"ad394d5\" data-element_type=\"container\">\n\t\t\t\t<div class=\"elementor-element elementor-element-8bd54e8 elementor-widget elementor-widget-image\" data-id=\"8bd54e8\" data-element_type=\"widget\" data-widget_type=\"image.default\">\n\t\t\t\t<div class=\"elementor-widget-container\">\n\t\t\t<style>\/*! elementor - v3.20.0 - 13-03-2024 *\/\n.elementor-widget-image{text-align:center}.elementor-widget-image a{display:inline-block}.elementor-widget-image a img[src$=\".svg\"]{width:48px}.elementor-widget-image img{vertical-align:middle;display:inline-block}<\/style>\t\t\t\t\t\t\t\t\t\t<img fetchpriority=\"high\" decoding=\"async\" width=\"1024\" height=\"1024\" src=\"https:\/\/dcalma.ufro.cl\/wp-content\/uploads\/2024\/04\/Captura-de-Pantalla-2024-04-22-a-las-00.05.37-1024x1024.png\" class=\"attachment-large size-large wp-image-1787\" alt=\"\" srcset=\"https:\/\/dcalma.ufro.cl\/wp-content\/uploads\/2024\/04\/Captura-de-Pantalla-2024-04-22-a-las-00.05.37-1024x1024.png 1024w, https:\/\/dcalma.ufro.cl\/wp-content\/uploads\/2024\/04\/Captura-de-Pantalla-2024-04-22-a-las-00.05.37-300x300.png 300w, https:\/\/dcalma.ufro.cl\/wp-content\/uploads\/2024\/04\/Captura-de-Pantalla-2024-04-22-a-las-00.05.37-150x150.png 150w, https:\/\/dcalma.ufro.cl\/wp-content\/uploads\/2024\/04\/Captura-de-Pantalla-2024-04-22-a-las-00.05.37-768x768.png 768w, https:\/\/dcalma.ufro.cl\/wp-content\/uploads\/2024\/04\/Captura-de-Pantalla-2024-04-22-a-las-00.05.37-700x700.png 700w, https:\/\/dcalma.ufro.cl\/wp-content\/uploads\/2024\/04\/Captura-de-Pantalla-2024-04-22-a-las-00.05.37.png 1201w\" sizes=\"(max-width: 1024px) 100vw, 1024px\" \/>\t\t\t\t\t\t\t\t\t\t\t\t\t<\/div>\n\t\t\t\t<\/div>\n\t\t\t\t<div class=\"elementor-element elementor-element-5060c2e elementor-widget elementor-widget-heading\" data-id=\"5060c2e\" data-element_type=\"widget\" data-widget_type=\"heading.default\">\n\t\t\t\t<div class=\"elementor-widget-container\">\n\t\t\t<h2 class=\"elementor-heading-title elementor-size-default\">Dr. N\u00e9stor Sep\u00falveda Becker<\/h2>\t\t<\/div>\n\t\t\t\t<\/div>\n\t\t\t\t<div class=\"elementor-element elementor-element-49973b7 elementor-widget elementor-widget-heading\" data-id=\"49973b7\" data-element_type=\"widget\" data-widget_type=\"heading.default\">\n\t\t\t\t<div class=\"elementor-widget-container\">\n\t\t\t<h2 class=\"elementor-heading-title elementor-size-default\"><a href=\"mailto:nestor.sepulveda@ufrontera.cl\">nestor.sepulveda@ufrontera.cl<\/a><\/h2>\t\t<\/div>\n\t\t\t\t<\/div>\n\t\t\t\t<\/div>\n\t\t<div class=\"elementor-element elementor-element-8cdd1d5 e-con-full e-flex e-con e-child\" data-id=\"8cdd1d5\" data-element_type=\"container\">\n\t\t\t\t<div class=\"elementor-element elementor-element-bdafd41 elementor-widget elementor-widget-image\" data-id=\"bdafd41\" data-element_type=\"widget\" data-widget_type=\"image.default\">\n\t\t\t\t<div class=\"elementor-widget-container\">\n\t\t\t\t\t\t\t\t\t\t\t\t\t<img decoding=\"async\" width=\"1024\" height=\"1024\" src=\"https:\/\/dcalma.ufro.cl\/wp-content\/uploads\/2024\/04\/Captura-de-Pantalla-2024-04-21-a-las-23.57.51-1024x1024.png\" class=\"attachment-large size-large wp-image-1778\" alt=\"\" srcset=\"https:\/\/dcalma.ufro.cl\/wp-content\/uploads\/2024\/04\/Captura-de-Pantalla-2024-04-21-a-las-23.57.51-1024x1024.png 1024w, https:\/\/dcalma.ufro.cl\/wp-content\/uploads\/2024\/04\/Captura-de-Pantalla-2024-04-21-a-las-23.57.51-300x300.png 300w, https:\/\/dcalma.ufro.cl\/wp-content\/uploads\/2024\/04\/Captura-de-Pantalla-2024-04-21-a-las-23.57.51-150x150.png 150w, https:\/\/dcalma.ufro.cl\/wp-content\/uploads\/2024\/04\/Captura-de-Pantalla-2024-04-21-a-las-23.57.51-768x768.png 768w, https:\/\/dcalma.ufro.cl\/wp-content\/uploads\/2024\/04\/Captura-de-Pantalla-2024-04-21-a-las-23.57.51-700x700.png 700w, https:\/\/dcalma.ufro.cl\/wp-content\/uploads\/2024\/04\/Captura-de-Pantalla-2024-04-21-a-las-23.57.51.png 1191w\" sizes=\"(max-width: 1024px) 100vw, 1024px\" \/>\t\t\t\t\t\t\t\t\t\t\t\t\t<\/div>\n\t\t\t\t<\/div>\n\t\t\t\t<div class=\"elementor-element elementor-element-44ff16e elementor-widget elementor-widget-heading\" data-id=\"44ff16e\" data-element_type=\"widget\" data-widget_type=\"heading.default\">\n\t\t\t\t<div class=\"elementor-widget-container\">\n\t\t\t<h2 class=\"elementor-heading-title elementor-size-default\">Dr. John Qui\u00f1ones<\/h2>\t\t<\/div>\n\t\t\t\t<\/div>\n\t\t\t\t<div class=\"elementor-element elementor-element-96cb82d elementor-widget elementor-widget-heading\" data-id=\"96cb82d\" data-element_type=\"widget\" data-widget_type=\"heading.default\">\n\t\t\t\t<div class=\"elementor-widget-container\">\n\t\t\t<h2 class=\"elementor-heading-title elementor-size-default\"><a href=\"mailto:john.quinones@ufrontera.cl%20\" mailto=\"\">john.quinones@ufrontera.cl <\/a><\/h2>\t\t<\/div>\n\t\t\t\t<\/div>\n\t\t\t\t<\/div>\n\t\t<div class=\"elementor-element elementor-element-88fe073 e-con-full e-flex e-con e-child\" data-id=\"88fe073\" data-element_type=\"container\">\n\t\t\t\t<div class=\"elementor-element elementor-element-6366f34 elementor-widget elementor-widget-image\" data-id=\"6366f34\" data-element_type=\"widget\" data-widget_type=\"image.default\">\n\t\t\t\t<div class=\"elementor-widget-container\">\n\t\t\t\t\t\t\t\t\t\t\t\t\t<img decoding=\"async\" width=\"906\" height=\"906\" src=\"https:\/\/dcalma.ufro.cl\/wp-content\/uploads\/2024\/04\/Captura-de-Pantalla-2024-04-22-a-las-00.01.52.png\" class=\"attachment-large size-large wp-image-1782\" alt=\"\" srcset=\"https:\/\/dcalma.ufro.cl\/wp-content\/uploads\/2024\/04\/Captura-de-Pantalla-2024-04-22-a-las-00.01.52.png 906w, https:\/\/dcalma.ufro.cl\/wp-content\/uploads\/2024\/04\/Captura-de-Pantalla-2024-04-22-a-las-00.01.52-300x300.png 300w, https:\/\/dcalma.ufro.cl\/wp-content\/uploads\/2024\/04\/Captura-de-Pantalla-2024-04-22-a-las-00.01.52-150x150.png 150w, https:\/\/dcalma.ufro.cl\/wp-content\/uploads\/2024\/04\/Captura-de-Pantalla-2024-04-22-a-las-00.01.52-768x768.png 768w, https:\/\/dcalma.ufro.cl\/wp-content\/uploads\/2024\/04\/Captura-de-Pantalla-2024-04-22-a-las-00.01.52-700x700.png 700w\" sizes=\"(max-width: 906px) 100vw, 906px\" \/>\t\t\t\t\t\t\t\t\t\t\t\t\t<\/div>\n\t\t\t\t<\/div>\n\t\t\t\t<div class=\"elementor-element elementor-element-63b6bb1 elementor-widget elementor-widget-heading\" data-id=\"63b6bb1\" data-element_type=\"widget\" data-widget_type=\"heading.default\">\n\t\t\t\t<div class=\"elementor-widget-container\">\n\t\t\t<h2 class=\"elementor-heading-title elementor-size-default\">Dra. Berta Schnettler Morales<\/h2>\t\t<\/div>\n\t\t\t\t<\/div>\n\t\t\t\t<div class=\"elementor-element elementor-element-639ac32 elementor-widget elementor-widget-heading\" data-id=\"639ac32\" data-element_type=\"widget\" data-widget_type=\"heading.default\">\n\t\t\t\t<div class=\"elementor-widget-container\">\n\t\t\t<h2 class=\"elementor-heading-title elementor-size-default\"><a href=\"mailto:berta.schnettler@ufrontera.cl\">berta.schnettler@ufrontera.cl<\/a><\/h2>\t\t<\/div>\n\t\t\t\t<\/div>\n\t\t\t\t<\/div>\n\t\t\t\t\t<\/div>\n\t\t\t\t<\/div>\n\t\t<div class=\"elementor-element elementor-element-5802829 e-flex e-con-boxed e-con e-parent\" data-id=\"5802829\" data-element_type=\"container\" data-core-v316-plus=\"true\">\n\t\t\t\t\t<div class=\"e-con-inner\">\n\t\t<div class=\"elementor-element elementor-element-45bdd36 e-con-full e-flex e-con e-child\" data-id=\"45bdd36\" data-element_type=\"container\">\n\t\t\t\t<div class=\"elementor-element elementor-element-306c2a9 elementor-widget elementor-widget-image\" data-id=\"306c2a9\" data-element_type=\"widget\" data-widget_type=\"image.default\">\n\t\t\t\t<div class=\"elementor-widget-container\">\n\t\t\t\t\t\t\t\t\t\t\t\t\t<img loading=\"lazy\" decoding=\"async\" width=\"1024\" height=\"1024\" src=\"https:\/\/dcalma.ufro.cl\/wp-content\/uploads\/2024\/04\/Captura-de-Pantalla-2024-04-22-a-las-00.00.13-1024x1024.png\" class=\"attachment-large size-large wp-image-1780\" alt=\"\" srcset=\"https:\/\/dcalma.ufro.cl\/wp-content\/uploads\/2024\/04\/Captura-de-Pantalla-2024-04-22-a-las-00.00.13-1024x1024.png 1024w, https:\/\/dcalma.ufro.cl\/wp-content\/uploads\/2024\/04\/Captura-de-Pantalla-2024-04-22-a-las-00.00.13-300x300.png 300w, https:\/\/dcalma.ufro.cl\/wp-content\/uploads\/2024\/04\/Captura-de-Pantalla-2024-04-22-a-las-00.00.13-150x150.png 150w, https:\/\/dcalma.ufro.cl\/wp-content\/uploads\/2024\/04\/Captura-de-Pantalla-2024-04-22-a-las-00.00.13-768x768.png 768w, https:\/\/dcalma.ufro.cl\/wp-content\/uploads\/2024\/04\/Captura-de-Pantalla-2024-04-22-a-las-00.00.13-700x700.png 700w, https:\/\/dcalma.ufro.cl\/wp-content\/uploads\/2024\/04\/Captura-de-Pantalla-2024-04-22-a-las-00.00.13.png 1114w\" sizes=\"(max-width: 1024px) 100vw, 1024px\" \/>\t\t\t\t\t\t\t\t\t\t\t\t\t<\/div>\n\t\t\t\t<\/div>\n\t\t\t\t<div class=\"elementor-element elementor-element-aa379bb elementor-widget elementor-widget-heading\" data-id=\"aa379bb\" data-element_type=\"widget\" data-widget_type=\"heading.default\">\n\t\t\t\t<div class=\"elementor-widget-container\">\n\t\t\t<h2 class=\"elementor-heading-title elementor-size-default\">Dr. Leonardo Bardehle<\/h2>\t\t<\/div>\n\t\t\t\t<\/div>\n\t\t\t\t<div class=\"elementor-element elementor-element-eba4267 elementor-widget elementor-widget-heading\" data-id=\"eba4267\" data-element_type=\"widget\" data-widget_type=\"heading.default\">\n\t\t\t\t<div class=\"elementor-widget-container\">\n\t\t\t<h2 class=\"elementor-heading-title elementor-size-default\"><a href=\"mailto:leonardo.bardehle@ufrontera.cl\">leonardo.bardehle@ufrontera.cl<\/a><\/h2>\t\t<\/div>\n\t\t\t\t<\/div>\n\t\t\t\t<\/div>\n\t\t<div class=\"elementor-element elementor-element-c1ddba1 e-con-full e-flex e-con e-child\" data-id=\"c1ddba1\" data-element_type=\"container\">\n\t\t\t\t<div class=\"elementor-element elementor-element-c9ecb4a elementor-widget elementor-widget-image\" data-id=\"c9ecb4a\" data-element_type=\"widget\" data-widget_type=\"image.default\">\n\t\t\t\t<div class=\"elementor-widget-container\">\n\t\t\t\t\t\t\t\t\t\t\t\t\t<img loading=\"lazy\" decoding=\"async\" width=\"1024\" height=\"1024\" src=\"https:\/\/dcalma.ufro.cl\/wp-content\/uploads\/2024\/04\/Captura-de-Pantalla-2024-04-22-a-las-00.06.49-1024x1024.png\" class=\"attachment-large size-large wp-image-1788\" alt=\"\" srcset=\"https:\/\/dcalma.ufro.cl\/wp-content\/uploads\/2024\/04\/Captura-de-Pantalla-2024-04-22-a-las-00.06.49-1024x1024.png 1024w, https:\/\/dcalma.ufro.cl\/wp-content\/uploads\/2024\/04\/Captura-de-Pantalla-2024-04-22-a-las-00.06.49-300x300.png 300w, https:\/\/dcalma.ufro.cl\/wp-content\/uploads\/2024\/04\/Captura-de-Pantalla-2024-04-22-a-las-00.06.49-150x150.png 150w, https:\/\/dcalma.ufro.cl\/wp-content\/uploads\/2024\/04\/Captura-de-Pantalla-2024-04-22-a-las-00.06.49-768x768.png 768w, https:\/\/dcalma.ufro.cl\/wp-content\/uploads\/2024\/04\/Captura-de-Pantalla-2024-04-22-a-las-00.06.49-700x700.png 700w, https:\/\/dcalma.ufro.cl\/wp-content\/uploads\/2024\/04\/Captura-de-Pantalla-2024-04-22-a-las-00.06.49.png 1201w\" sizes=\"(max-width: 1024px) 100vw, 1024px\" \/>\t\t\t\t\t\t\t\t\t\t\t\t\t<\/div>\n\t\t\t\t<\/div>\n\t\t\t\t<div class=\"elementor-element elementor-element-3cda026 elementor-widget elementor-widget-heading\" data-id=\"3cda026\" data-element_type=\"widget\" data-widget_type=\"heading.default\">\n\t\t\t\t<div class=\"elementor-widget-container\">\n\t\t\t<h2 class=\"elementor-heading-title elementor-size-default\">Profesional Denise Lisperguier Castillo<\/h2>\t\t<\/div>\n\t\t\t\t<\/div>\n\t\t\t\t<\/div>\n\t\t<div class=\"elementor-element elementor-element-d5c2e88 e-con-full e-flex e-con e-child\" data-id=\"d5c2e88\" data-element_type=\"container\">\n\t\t\t\t<div class=\"elementor-element elementor-element-7647864 elementor-widget elementor-widget-image\" data-id=\"7647864\" data-element_type=\"widget\" data-widget_type=\"image.default\">\n\t\t\t\t<div class=\"elementor-widget-container\">\n\t\t\t\t\t\t\t\t\t\t\t\t\t<img loading=\"lazy\" decoding=\"async\" width=\"1024\" height=\"1024\" src=\"https:\/\/dcalma.ufro.cl\/wp-content\/uploads\/2024\/04\/Captura-de-Pantalla-2024-04-22-a-las-00.07.20-1024x1024.png\" class=\"attachment-large size-large wp-image-1789\" alt=\"\" srcset=\"https:\/\/dcalma.ufro.cl\/wp-content\/uploads\/2024\/04\/Captura-de-Pantalla-2024-04-22-a-las-00.07.20-1024x1024.png 1024w, https:\/\/dcalma.ufro.cl\/wp-content\/uploads\/2024\/04\/Captura-de-Pantalla-2024-04-22-a-las-00.07.20-300x300.png 300w, https:\/\/dcalma.ufro.cl\/wp-content\/uploads\/2024\/04\/Captura-de-Pantalla-2024-04-22-a-las-00.07.20-150x150.png 150w, https:\/\/dcalma.ufro.cl\/wp-content\/uploads\/2024\/04\/Captura-de-Pantalla-2024-04-22-a-las-00.07.20-768x768.png 768w, https:\/\/dcalma.ufro.cl\/wp-content\/uploads\/2024\/04\/Captura-de-Pantalla-2024-04-22-a-las-00.07.20-700x700.png 700w, https:\/\/dcalma.ufro.cl\/wp-content\/uploads\/2024\/04\/Captura-de-Pantalla-2024-04-22-a-las-00.07.20.png 1201w\" sizes=\"(max-width: 1024px) 100vw, 1024px\" \/>\t\t\t\t\t\t\t\t\t\t\t\t\t<\/div>\n\t\t\t\t<\/div>\n\t\t\t\t<div class=\"elementor-element elementor-element-35462d2 elementor-widget elementor-widget-heading\" data-id=\"35462d2\" data-element_type=\"widget\" data-widget_type=\"heading.default\">\n\t\t\t\t<div class=\"elementor-widget-container\">\n\t\t\t<h2 class=\"elementor-heading-title elementor-size-default\">Profesional Carla Adriasola Zapata<\/h2>\t\t<\/div>\n\t\t\t\t<\/div>\n\t\t\t\t<\/div>\n\t\t\t\t\t<\/div>\n\t\t\t\t<\/div>\n\t\t\t\t<\/div>\n\t\t","protected":false},"excerpt":{"rendered":"<p>COMIT\u00c9 AUTOEVALUACI\u00d3N Dr. N\u00e9stor Sep\u00falveda Becker nestor.sepulveda@ufrontera.cl Dr. John Qui\u00f1ones john.quinones@ufrontera.cl Dra. Berta Schnettler Morales berta.schnettler@ufrontera.cl Dr. Leonardo Bardehle leonardo.bardehle@ufrontera.cl Profesional Denise Lisperguier Castillo Profesional Carla Adriasola Zapata<\/p>\n","protected":false},"author":3,"featured_media":0,"parent":0,"menu_order":0,"comment_status":"closed","ping_status":"closed","template":"elementor_header_footer","meta":{"footnotes":""},"yoast_head":"<!-- This site is optimized with the Yoast SEO plugin v22.3 - https:\/\/yoast.com\/wordpress\/plugins\/seo\/ -->\n<title>Comit\u00e9 de Autoevaluaci\u00f3n - dcalma<\/title>\n<meta name=\"robots\" content=\"index, follow, max-snippet:-1, max-image-preview:large, max-video-preview:-1\" \/>\n<link rel=\"canonical\" href=\"https:\/\/dcalma.ufro.cl\/?page_id=2050\" \/>\n<meta property=\"og:locale\" content=\"es_ES\" \/>\n<meta property=\"og:type\" content=\"article\" \/>\n<meta property=\"og:title\" content=\"Comit\u00e9 de Autoevaluaci\u00f3n - dcalma\" \/>\n<meta property=\"og:description\" content=\"COMIT\u00c9 AUTOEVALUACI\u00d3N Dr. N\u00e9stor Sep\u00falveda Becker nestor.sepulveda@ufrontera.cl Dr. John Qui\u00f1ones john.quinones@ufrontera.cl Dra. Berta Schnettler Morales berta.schnettler@ufrontera.cl Dr. Leonardo Bardehle leonardo.bardehle@ufrontera.cl Profesional Denise Lisperguier Castillo Profesional Carla Adriasola Zapata\" \/>\n<meta property=\"og:url\" content=\"https:\/\/dcalma.ufro.cl\/?page_id=2050\" \/>\n<meta property=\"og:site_name\" content=\"dcalma\" \/>\n<meta property=\"article:modified_time\" content=\"2025-06-11T20:28:53+00:00\" \/>\n<meta property=\"og:image\" content=\"https:\/\/dcalma.ufro.cl\/wp-content\/uploads\/2024\/04\/Captura-de-Pantalla-2024-04-22-a-las-00.05.37-1024x1024.png\" \/>\n<meta name=\"twitter:card\" content=\"summary_large_image\" \/>\n<meta name=\"twitter:label1\" content=\"Est. reading time\" \/>\n\t<meta name=\"twitter:data1\" content=\"2 minutos\" \/>\n<script type=\"application\/ld+json\" class=\"yoast-schema-graph\">{\"@context\":\"https:\/\/schema.org\",\"@graph\":[{\"@type\":\"WebPage\",\"@id\":\"https:\/\/dcalma.ufro.cl\/?page_id=2050\",\"url\":\"https:\/\/dcalma.ufro.cl\/?page_id=2050\",\"name\":\"Comit\u00e9 de Autoevaluaci\u00f3n - dcalma\",\"isPartOf\":{\"@id\":\"https:\/\/dcalma.ufro.cl\/#website\"},\"primaryImageOfPage\":{\"@id\":\"https:\/\/dcalma.ufro.cl\/?page_id=2050#primaryimage\"},\"image\":{\"@id\":\"https:\/\/dcalma.ufro.cl\/?page_id=2050#primaryimage\"},\"thumbnailUrl\":\"https:\/\/dcalma.ufro.cl\/wp-content\/uploads\/2024\/04\/Captura-de-Pantalla-2024-04-22-a-las-00.05.37-1024x1024.png\",\"datePublished\":\"2025-06-11T20:22:23+00:00\",\"dateModified\":\"2025-06-11T20:28:53+00:00\",\"breadcrumb\":{\"@id\":\"https:\/\/dcalma.ufro.cl\/?page_id=2050#breadcrumb\"},\"inLanguage\":\"es-CL\",\"potentialAction\":[{\"@type\":\"ReadAction\",\"target\":[\"https:\/\/dcalma.ufro.cl\/?page_id=2050\"]}]},{\"@type\":\"ImageObject\",\"inLanguage\":\"es-CL\",\"@id\":\"https:\/\/dcalma.ufro.cl\/?page_id=2050#primaryimage\",\"url\":\"https:\/\/dcalma.ufro.cl\/wp-content\/uploads\/2024\/04\/Captura-de-Pantalla-2024-04-22-a-las-00.05.37.png\",\"contentUrl\":\"https:\/\/dcalma.ufro.cl\/wp-content\/uploads\/2024\/04\/Captura-de-Pantalla-2024-04-22-a-las-00.05.37.png\",\"width\":1201,\"height\":1201},{\"@type\":\"BreadcrumbList\",\"@id\":\"https:\/\/dcalma.ufro.cl\/?page_id=2050#breadcrumb\",\"itemListElement\":[{\"@type\":\"ListItem\",\"position\":1,\"name\":\"Inicio\",\"item\":\"https:\/\/dcalma.ufro.cl\/\"},{\"@type\":\"ListItem\",\"position\":2,\"name\":\"Comit\u00e9 de Autoevaluaci\u00f3n\"}]},{\"@type\":\"WebSite\",\"@id\":\"https:\/\/dcalma.ufro.cl\/#website\",\"url\":\"https:\/\/dcalma.ufro.cl\/\",\"name\":\"dcalma\",\"description\":\"\",\"potentialAction\":[{\"@type\":\"SearchAction\",\"target\":{\"@type\":\"EntryPoint\",\"urlTemplate\":\"https:\/\/dcalma.ufro.cl\/?s={search_term_string}\"},\"query-input\":\"required name=search_term_string\"}],\"inLanguage\":\"es-CL\"}]}<\/script>\n<!-- \/ Yoast SEO plugin. -->","yoast_head_json":{"title":"Comit\u00e9 de Autoevaluaci\u00f3n - dcalma","robots":{"index":"index","follow":"follow","max-snippet":"max-snippet:-1","max-image-preview":"max-image-preview:large","max-video-preview":"max-video-preview:-1"},"canonical":"https:\/\/dcalma.ufro.cl\/?page_id=2050","og_locale":"es_ES","og_type":"article","og_title":"Comit\u00e9 de Autoevaluaci\u00f3n - dcalma","og_description":"COMIT\u00c9 AUTOEVALUACI\u00d3N Dr. N\u00e9stor Sep\u00falveda Becker nestor.sepulveda@ufrontera.cl Dr. John Qui\u00f1ones john.quinones@ufrontera.cl Dra. Berta Schnettler Morales berta.schnettler@ufrontera.cl Dr. Leonardo Bardehle leonardo.bardehle@ufrontera.cl Profesional Denise Lisperguier Castillo Profesional Carla Adriasola Zapata","og_url":"https:\/\/dcalma.ufro.cl\/?page_id=2050","og_site_name":"dcalma","article_modified_time":"2025-06-11T20:28:53+00:00","og_image":[{"url":"https:\/\/dcalma.ufro.cl\/wp-content\/uploads\/2024\/04\/Captura-de-Pantalla-2024-04-22-a-las-00.05.37-1024x1024.png"}],"twitter_card":"summary_large_image","twitter_misc":{"Est. reading time":"2 minutos"},"schema":{"@context":"https:\/\/schema.org","@graph":[{"@type":"WebPage","@id":"https:\/\/dcalma.ufro.cl\/?page_id=2050","url":"https:\/\/dcalma.ufro.cl\/?page_id=2050","name":"Comit\u00e9 de Autoevaluaci\u00f3n - dcalma","isPartOf":{"@id":"https:\/\/dcalma.ufro.cl\/#website"},"primaryImageOfPage":{"@id":"https:\/\/dcalma.ufro.cl\/?page_id=2050#primaryimage"},"image":{"@id":"https:\/\/dcalma.ufro.cl\/?page_id=2050#primaryimage"},"thumbnailUrl":"https:\/\/dcalma.ufro.cl\/wp-content\/uploads\/2024\/04\/Captura-de-Pantalla-2024-04-22-a-las-00.05.37-1024x1024.png","datePublished":"2025-06-11T20:22:23+00:00","dateModified":"2025-06-11T20:28:53+00:00","breadcrumb":{"@id":"https:\/\/dcalma.ufro.cl\/?page_id=2050#breadcrumb"},"inLanguage":"es-CL","potentialAction":[{"@type":"ReadAction","target":["https:\/\/dcalma.ufro.cl\/?page_id=2050"]}]},{"@type":"ImageObject","inLanguage":"es-CL","@id":"https:\/\/dcalma.ufro.cl\/?page_id=2050#primaryimage","url":"https:\/\/dcalma.ufro.cl\/wp-content\/uploads\/2024\/04\/Captura-de-Pantalla-2024-04-22-a-las-00.05.37.png","contentUrl":"https:\/\/dcalma.ufro.cl\/wp-content\/uploads\/2024\/04\/Captura-de-Pantalla-2024-04-22-a-las-00.05.37.png","width":1201,"height":1201},{"@type":"BreadcrumbList","@id":"https:\/\/dcalma.ufro.cl\/?page_id=2050#breadcrumb","itemListElement":[{"@type":"ListItem","position":1,"name":"Inicio","item":"https:\/\/dcalma.ufro.cl\/"},{"@type":"ListItem","position":2,"name":"Comit\u00e9 de Autoevaluaci\u00f3n"}]},{"@type":"WebSite","@id":"https:\/\/dcalma.ufro.cl\/#website","url":"https:\/\/dcalma.ufro.cl\/","name":"dcalma","description":"","potentialAction":[{"@type":"SearchAction","target":{"@type":"EntryPoint","urlTemplate":"https:\/\/dcalma.ufro.cl\/?s={search_term_string}"},"query-input":"required name=search_term_string"}],"inLanguage":"es-CL"}]}},"_links":{"self":[{"href":"https:\/\/dcalma.ufro.cl\/index.php?rest_route=\/wp\/v2\/pages\/2050"}],"collection":[{"href":"https:\/\/dcalma.ufro.cl\/index.php?rest_route=\/wp\/v2\/pages"}],"about":[{"href":"https:\/\/dcalma.ufro.cl\/index.php?rest_route=\/wp\/v2\/types\/page"}],"author":[{"embeddable":true,"href":"https:\/\/dcalma.ufro.cl\/index.php?rest_route=\/wp\/v2\/users\/3"}],"replies":[{"embeddable":true,"href":"https:\/\/dcalma.ufro.cl\/index.php?rest_route=%2Fwp%2Fv2%2Fcomments&post=2050"}],"version-history":[{"count":4,"href":"https:\/\/dcalma.ufro.cl\/index.php?rest_route=\/wp\/v2\/pages\/2050\/revisions"}],"predecessor-version":[{"id":2061,"href":"https:\/\/dcalma.ufro.cl\/index.php?rest_route=\/wp\/v2\/pages\/2050\/revisions\/2061"}],"wp:attachment":[{"href":"https:\/\/dcalma.ufro.cl\/index.php?rest_route=%2Fwp%2Fv2%2Fmedia&parent=2050"}],"curies":[{"name":"wp","href":"https:\/\/api.w.org\/{rel}","templated":true}]}}